{"id":576,"date":"2025-03-26T10:52:27","date_gmt":"2025-03-26T10:52:27","guid":{"rendered":"https:\/\/yritakevyesti.fi\/?page_id=576"},"modified":"2025-10-13T08:00:55","modified_gmt":"2025-10-13T08:00:55","slug":"tietosuojaseloste","status":"publish","type":"page","link":"https:\/\/yritakevyesti.fi\/eng\/tietosuojaseloste\/","title":{"rendered":"Privacy policy"},"content":{"rendered":"<div data-elementor-type=\"wp-page\" data-elementor-id=\"576\" class=\"elementor elementor-576\" data-elementor-post-type=\"page\">\n\t\t\t\t\t\t<section class=\"has_eae_slider elementor-section elementor-top-section elementor-element elementor-element-2ce7e88 elementor-section-boxed elementor-section-height-default elementor-section-height-default\" data-eae-slider=\"39128\" data-id=\"2ce7e88\" data-element_type=\"section\" data-e-type=\"section\">\n\t\t\t\t\t\t<div class=\"elementor-container elementor-column-gap-default\">\n\t\t\t\t\t<div class=\"has_eae_slider elementor-column elementor-col-100 elementor-top-column elementor-element elementor-element-cb89c3b\" data-eae-slider=\"54736\" data-id=\"cb89c3b\" data-element_type=\"column\" data-e-type=\"column\">\n\t\t\t<div class=\"elementor-widget-wrap elementor-element-populated\">\n\t\t\t\t\t\t<div class=\"elementor-element elementor-element-c5be7ee elementor-widget elementor-widget-heading\" data-id=\"c5be7ee\" data-element_type=\"widget\" data-e-type=\"widget\" data-widget_type=\"heading.default\">\n\t\t\t\t<div class=\"elementor-widget-container\">\n\t\t\t\t\t<h2 class=\"elementor-heading-title elementor-size-default\">Privacy policy<\/h2>\t\t\t\t<\/div>\n\t\t\t\t<\/div>\n\t\t\t\t<div class=\"elementor-element elementor-element-4397ade elementor-widget elementor-widget-spacer\" data-id=\"4397ade\" data-element_type=\"widget\" data-e-type=\"widget\" data-widget_type=\"spacer.default\">\n\t\t\t\t<div class=\"elementor-widget-container\">\n\t\t\t\t\t\t\t<div class=\"elementor-spacer\">\n\t\t\t<div class=\"elementor-spacer-inner\"><\/div>\n\t\t<\/div>\n\t\t\t\t\t\t<\/div>\n\t\t\t\t<\/div>\n\t\t\t\t<div class=\"elementor-element elementor-element-22c2d1b elementor-widget elementor-widget-text-editor\" data-id=\"22c2d1b\" data-element_type=\"widget\" data-e-type=\"widget\" data-widget_type=\"text-editor.default\">\n\t\t\t\t<div class=\"elementor-widget-container\">\n\t\t\t\t\t\t\t\t\t<h4>1. Data controller<\/h4><p>Nordic C-Management Oy<\/p><p>Business ID: 2485085-1<\/p><p>Salomonkatu 17 B, 00100 Helsinki<\/p><p>asiakaspalvelu@c-management.fi<\/p><h4>2. Contact Person for Register Matters<\/h4><p>J\u00f6rgen Weckstr\u00f6m<\/p><p>asiakaspalvelu@c-management.fi<\/p><h4>3. Name of the Register<\/h4><p>Yrit\u00e4 kevyesti Customer and User Register<\/p><h4>4. Data Subjects<\/h4><p>\u2013 Business owners and employees using the Yrit\u00e4 kevyesti software<\/p><p>\u2013 Website visitors<\/p><p>\u2013 Newsletter and marketing message recipients<\/p><p>\u2013 Partners and service providers<\/p><h4>5. Purpose of Personal Data Processing<\/h4><p>Personal data is processed for:<\/p><p>\u2013 Providing software services and managing customer accounts<\/p><p>\u2013 Accounting and financial administration services<\/p><p>\u2013 Customer service and communication<\/p><p>\u2013 Customer service and communication<\/p><p>\u2013 Marketing communication and newsletters (with consent)<\/p><p>\u2013 Website analytics and development<\/p><p>The processing is based on:<\/p><p>\u2013 Contracts and customer relationships<\/p><p>\u2013 Legal obligations (e.g., accounting laws, tax legislation)<\/p><p>\u2013 Consent (e.g., marketing purposes)<\/p><h4>6. Data Content of the Register<\/h4><p>The register may include:<\/p><p>\u2013 Contact details: name, email, phone number, company, title<\/p><p>\u2013 Login details (email, hashed password)<\/p><p>\u2013 Billing data: invoices, payments, contracts<\/p><p>\u2013 Interaction data: support requests, usage logs<\/p><p>\u2013 Analytics data: IP address, browser, device, site behavior<\/p><p>You may request correction or deletion of your data unless required by law.<\/p><h4>7. Regular Disclosures of Data<\/h4><p>Data may be disclosed to:<\/p><p>\u2013 Authorities (e.g., Tax Administration)<\/p><p>\u2013 For C-Management\u2019s accountants and financial administration partners<\/p><p>\u2013 Hosting and IT service providers<\/p><p>\u2013 For payment service providers and analytics platforms<\/p><p>Data is not sold or disclosed to third parties for marketing without consent.<\/p><h4>8. Transfer of Data Outside the EU<\/h4><p>Data is primarily stored within the EU\/EEA.<\/p><p>If data is transferred outside the EU, EU-approved safeguards such as standard contractual clauses will be applied.<\/p><h4>9. Principles of Data Security<\/h4><p>Data security is ensured through:<\/p><p>\u2013 Firewalls, encryption, and secure authentication<\/p><p>\u2013 Access control: only authorized personnel can access the data<\/p><p>\u2013 Regular audits and system updates<\/p><h4>10. Data Retention and Deletion<\/h4><p>\u2013 Accounting data: 6 years (according to accounting law)<\/p><p>\u2013 Customer data: 2 years after the end of the customer relationship<\/p><p>\u2013 Analytics data: according to cookie\/tool-specific retention times<\/p><p>Data will be deleted or anonymized when no longer needed. Deletion requests will be honored unless restricted by law.<\/p><h4>11. Data Subject Rights<\/h4><p>Data subjects have the right to:<\/p><p>\u2013 Know if their data is being processed<\/p><p>\u2013 Access and correct their data<\/p><p>\u2013 Request deletion if there is no legal basis for processing<\/p><p>\u2013 Object to or restrict data processing<\/p><p>\u2013 Withdraw consent (e.g., unsubscribe from marketing)<\/p><p>\u2013 File a complaint with the data protection authority<\/p><p>Requests will be processed within 30 days.<\/p>\t\t\t\t\t\t\t\t<\/div>\n\t\t\t\t<\/div>\n\t\t\t\t\t<\/div>\n\t\t<\/div>\n\t\t\t\t\t<\/div>\n\t\t<\/section>\n\t\t\t\t<\/div>","protected":false},"excerpt":{"rendered":"<p>Tietosuojaseloste 1. Rekisterinpit\u00e4j\u00e4 Nordic C-Management Oy Y-tunnus: 2485085-1 Salomonkatu 17 B, 00100 Helsinki asiakaspalvelu@c-management.fi 2. Rekisteriasioista vastaava henkil\u00f6 J\u00f6rgen Weckstr\u00f6m [&hellip;]<\/p>\n","protected":false},"author":1,"featured_media":0,"parent":0,"menu_order":0,"comment_status":"closed","ping_status":"closed","template":"","meta":{"site-sidebar-layout":"no-sidebar","site-content-layout":"","ast-site-content-layout":"full-width-container","site-content-style":"default","site-sidebar-style":"default","ast-global-header-display":"","ast-banner-title-visibility":"","ast-main-header-display":"","ast-hfb-above-header-display":"","ast-hfb-below-header-display":"","ast-hfb-mobile-header-display":"","site-post-title":"disabled","ast-breadcrumbs-content":"","ast-featured-img":"disabled","footer-sml-layout":"","ast-disable-related-posts":"","theme-transparent-header-meta":"","adv-header-id-meta":"","stick-header-meta":"","header-above-stick-meta":"","header-main-stick-meta":"","header-below-stick-meta":"","astra-migrate-meta-layouts":"default","ast-page-background-enabled":"default","ast-page-background-meta":{"desktop":{"background-color":"var(--ast-global-color-5)","background-image":"","background-repeat":"repeat","background-position":"center center","background-size":"auto","background-attachment":"scroll","background-type":"","background-media":"","overlay-type":"","overlay-color":"","overlay-opacity":"","overlay-gradient":""},"tablet":{"background-color":"","background-image":"","background-repeat":"repeat","background-position":"center center","background-size":"auto","background-attachment":"scroll","background-type":"","background-media":"","overlay-type":"","overlay-color":"","overlay-opacity":"","overlay-gradient":""},"mobile":{"background-color":"","background-image":"","background-repeat":"repeat","background-position":"center center","background-size":"auto","background-attachment":"scroll","background-type":"","background-media":"","overlay-type":"","overlay-color":"","overlay-opacity":"","overlay-gradient":""}},"ast-content-background-meta":{"desktop":{"background-color":"var(--ast-global-color-4)","background-image":"","background-repeat":"repeat","background-position":"center center","background-size":"auto","background-attachment":"scroll","background-type":"","background-media":"","overlay-type":"","overlay-color":"","overlay-opacity":"","overlay-gradient":""},"tablet":{"background-color":"var(--ast-global-color-4)","background-image":"","background-repeat":"repeat","background-position":"center center","background-size":"auto","background-attachment":"scroll","background-type":"","background-media":"","overlay-type":"","overlay-color":"","overlay-opacity":"","overlay-gradient":""},"mobile":{"background-color":"var(--ast-global-color-4)","background-image":"","background-repeat":"repeat","background-position":"center center","background-size":"auto","background-attachment":"scroll","background-type":"","background-media":"","overlay-type":"","overlay-color":"","overlay-opacity":"","overlay-gradient":""}},"footnotes":""},"class_list":["post-576","page","type-page","status-publish","hentry"],"yoast_head":"<!-- This site is optimized with the Yoast SEO plugin v27.3 - https:\/\/yoast.com\/product\/yoast-seo-wordpress\/ -->\n<title>Tietosuojaseloste - yritakevyesti.fi<\/title>\n<meta name=\"description\" content=\"Tutustu Yrit\u00e4 Kevyesti -palvelun tietosuojaselosteeseen, josta l\u00f6yd\u00e4t tiedot siit\u00e4, miten k\u00e4sittelemme henkil\u00f6tietoja turvallisesti.\" \/>\n<meta name=\"robots\" content=\"index, follow, max-snippet:-1, max-image-preview:large, max-video-preview:-1\" \/>\n<link rel=\"canonical\" href=\"https:\/\/yritakevyesti.fi\/eng\/tietosuojaseloste\/\" \/>\n<meta property=\"og:locale\" content=\"en_GB\" \/>\n<meta property=\"og:type\" content=\"article\" \/>\n<meta property=\"og:title\" content=\"Tietosuojaseloste - yritakevyesti.fi\" \/>\n<meta property=\"og:description\" content=\"Tutustu Yrit\u00e4 Kevyesti -palvelun tietosuojaselosteeseen, josta l\u00f6yd\u00e4t tiedot siit\u00e4, miten k\u00e4sittelemme henkil\u00f6tietoja turvallisesti.\" \/>\n<meta property=\"og:url\" content=\"https:\/\/yritakevyesti.fi\/eng\/tietosuojaseloste\/\" \/>\n<meta property=\"og:site_name\" content=\"yritakevyesti.fi\" \/>\n<meta property=\"article:modified_time\" content=\"2025-10-13T08:00:55+00:00\" \/>\n<meta name=\"twitter:card\" content=\"summary_large_image\" \/>\n<meta name=\"twitter:label1\" content=\"Estimated reading time\" \/>\n\t<meta name=\"twitter:data1\" content=\"2 minutes\" \/>\n<script type=\"application\/ld+json\" class=\"yoast-schema-graph\">{\"@context\":\"https:\\\/\\\/schema.org\",\"@graph\":[{\"@type\":\"WebPage\",\"@id\":\"https:\\\/\\\/yritakevyesti.fi\\\/tietosuojaseloste\\\/\",\"url\":\"https:\\\/\\\/yritakevyesti.fi\\\/tietosuojaseloste\\\/\",\"name\":\"Tietosuojaseloste - yritakevyesti.fi\",\"isPartOf\":{\"@id\":\"https:\\\/\\\/yritakevyesti.fi\\\/#website\"},\"datePublished\":\"2025-03-26T10:52:27+00:00\",\"dateModified\":\"2025-10-13T08:00:55+00:00\",\"description\":\"Tutustu Yrit\u00e4 Kevyesti -palvelun tietosuojaselosteeseen, josta l\u00f6yd\u00e4t tiedot siit\u00e4, miten k\u00e4sittelemme henkil\u00f6tietoja turvallisesti.\",\"breadcrumb\":{\"@id\":\"https:\\\/\\\/yritakevyesti.fi\\\/tietosuojaseloste\\\/#breadcrumb\"},\"inLanguage\":\"en-GB\",\"potentialAction\":[{\"@type\":\"ReadAction\",\"target\":[\"https:\\\/\\\/yritakevyesti.fi\\\/tietosuojaseloste\\\/\"]}]},{\"@type\":\"BreadcrumbList\",\"@id\":\"https:\\\/\\\/yritakevyesti.fi\\\/tietosuojaseloste\\\/#breadcrumb\",\"itemListElement\":[{\"@type\":\"ListItem\",\"position\":1,\"name\":\"Home\",\"item\":\"https:\\\/\\\/yritakevyesti.fi\\\/\"},{\"@type\":\"ListItem\",\"position\":2,\"name\":\"Tietosuojaseloste\"}]},{\"@type\":\"WebSite\",\"@id\":\"https:\\\/\\\/yritakevyesti.fi\\\/#website\",\"url\":\"https:\\\/\\\/yritakevyesti.fi\\\/\",\"name\":\"yritakevyesti.fi\",\"description\":\"\",\"publisher\":{\"@id\":\"https:\\\/\\\/yritakevyesti.fi\\\/#organization\"},\"potentialAction\":[{\"@type\":\"SearchAction\",\"target\":{\"@type\":\"EntryPoint\",\"urlTemplate\":\"https:\\\/\\\/yritakevyesti.fi\\\/?s={search_term_string}\"},\"query-input\":{\"@type\":\"PropertyValueSpecification\",\"valueRequired\":true,\"valueName\":\"search_term_string\"}}],\"inLanguage\":\"en-GB\"},{\"@type\":\"Organization\",\"@id\":\"https:\\\/\\\/yritakevyesti.fi\\\/#organization\",\"name\":\"yritakevyesti.fi\",\"url\":\"https:\\\/\\\/yritakevyesti.fi\\\/\",\"logo\":{\"@type\":\"ImageObject\",\"inLanguage\":\"en-GB\",\"@id\":\"https:\\\/\\\/yritakevyesti.fi\\\/#\\\/schema\\\/logo\\\/image\\\/\",\"url\":\"https:\\\/\\\/yritakevyesti.fi\\\/wp-content\\\/uploads\\\/2025\\\/03\\\/logo-e1741071074723.png\",\"contentUrl\":\"https:\\\/\\\/yritakevyesti.fi\\\/wp-content\\\/uploads\\\/2025\\\/03\\\/logo-e1741071074723.png\",\"width\":444,\"height\":86,\"caption\":\"yritakevyesti.fi\"},\"image\":{\"@id\":\"https:\\\/\\\/yritakevyesti.fi\\\/#\\\/schema\\\/logo\\\/image\\\/\"}}]}<\/script>\n<!-- \/ Yoast SEO plugin. -->","yoast_head_json":{"title":"Tietosuojaseloste - yritakevyesti.fi","description":"Tutustu Yrit\u00e4 Kevyesti -palvelun tietosuojaselosteeseen, josta l\u00f6yd\u00e4t tiedot siit\u00e4, miten k\u00e4sittelemme henkil\u00f6tietoja turvallisesti.","robots":{"index":"index","follow":"follow","max-snippet":"max-snippet:-1","max-image-preview":"max-image-preview:large","max-video-preview":"max-video-preview:-1"},"canonical":"https:\/\/yritakevyesti.fi\/eng\/tietosuojaseloste\/","og_locale":"en_GB","og_type":"article","og_title":"Tietosuojaseloste - yritakevyesti.fi","og_description":"Tutustu Yrit\u00e4 Kevyesti -palvelun tietosuojaselosteeseen, josta l\u00f6yd\u00e4t tiedot siit\u00e4, miten k\u00e4sittelemme henkil\u00f6tietoja turvallisesti.","og_url":"https:\/\/yritakevyesti.fi\/eng\/tietosuojaseloste\/","og_site_name":"yritakevyesti.fi","article_modified_time":"2025-10-13T08:00:55+00:00","twitter_card":"summary_large_image","twitter_misc":{"Estimated reading time":"2 minutes"},"schema":{"@context":"https:\/\/schema.org","@graph":[{"@type":"WebPage","@id":"https:\/\/yritakevyesti.fi\/tietosuojaseloste\/","url":"https:\/\/yritakevyesti.fi\/tietosuojaseloste\/","name":"Tietosuojaseloste - yritakevyesti.fi","isPartOf":{"@id":"https:\/\/yritakevyesti.fi\/#website"},"datePublished":"2025-03-26T10:52:27+00:00","dateModified":"2025-10-13T08:00:55+00:00","description":"Tutustu Yrit\u00e4 Kevyesti -palvelun tietosuojaselosteeseen, josta l\u00f6yd\u00e4t tiedot siit\u00e4, miten k\u00e4sittelemme henkil\u00f6tietoja turvallisesti.","breadcrumb":{"@id":"https:\/\/yritakevyesti.fi\/tietosuojaseloste\/#breadcrumb"},"inLanguage":"en-GB","potentialAction":[{"@type":"ReadAction","target":["https:\/\/yritakevyesti.fi\/tietosuojaseloste\/"]}]},{"@type":"BreadcrumbList","@id":"https:\/\/yritakevyesti.fi\/tietosuojaseloste\/#breadcrumb","itemListElement":[{"@type":"ListItem","position":1,"name":"Home","item":"https:\/\/yritakevyesti.fi\/"},{"@type":"ListItem","position":2,"name":"Tietosuojaseloste"}]},{"@type":"WebSite","@id":"https:\/\/yritakevyesti.fi\/#website","url":"https:\/\/yritakevyesti.fi\/","name":"yritakevyesti.fi","description":"","publisher":{"@id":"https:\/\/yritakevyesti.fi\/#organization"},"potentialAction":[{"@type":"SearchAction","target":{"@type":"EntryPoint","urlTemplate":"https:\/\/yritakevyesti.fi\/?s={search_term_string}"},"query-input":{"@type":"PropertyValueSpecification","valueRequired":true,"valueName":"search_term_string"}}],"inLanguage":"en-GB"},{"@type":"Organization","@id":"https:\/\/yritakevyesti.fi\/#organization","name":"yritakevyesti.fi","url":"https:\/\/yritakevyesti.fi\/","logo":{"@type":"ImageObject","inLanguage":"en-GB","@id":"https:\/\/yritakevyesti.fi\/#\/schema\/logo\/image\/","url":"https:\/\/yritakevyesti.fi\/wp-content\/uploads\/2025\/03\/logo-e1741071074723.png","contentUrl":"https:\/\/yritakevyesti.fi\/wp-content\/uploads\/2025\/03\/logo-e1741071074723.png","width":444,"height":86,"caption":"yritakevyesti.fi"},"image":{"@id":"https:\/\/yritakevyesti.fi\/#\/schema\/logo\/image\/"}}]}},"_links":{"self":[{"href":"https:\/\/yritakevyesti.fi\/eng\/wp-json\/wp\/v2\/pages\/576","targetHints":{"allow":["GET"]}}],"collection":[{"href":"https:\/\/yritakevyesti.fi\/eng\/wp-json\/wp\/v2\/pages"}],"about":[{"href":"https:\/\/yritakevyesti.fi\/eng\/wp-json\/wp\/v2\/types\/page"}],"author":[{"embeddable":true,"href":"https:\/\/yritakevyesti.fi\/eng\/wp-json\/wp\/v2\/users\/1"}],"replies":[{"embeddable":true,"href":"https:\/\/yritakevyesti.fi\/eng\/wp-json\/wp\/v2\/comments?post=576"}],"version-history":[{"count":16,"href":"https:\/\/yritakevyesti.fi\/eng\/wp-json\/wp\/v2\/pages\/576\/revisions"}],"predecessor-version":[{"id":603,"href":"https:\/\/yritakevyesti.fi\/eng\/wp-json\/wp\/v2\/pages\/576\/revisions\/603"}],"wp:attachment":[{"href":"https:\/\/yritakevyesti.fi\/eng\/wp-json\/wp\/v2\/media?parent=576"}],"curies":[{"name":"wp","href":"https:\/\/api.w.org\/{rel}","templated":true}]}}