{"id":1146,"date":"2026-02-23T07:21:47","date_gmt":"2026-02-23T07:21:47","guid":{"rendered":"https:\/\/yritakevyesti.fi\/?page_id=1146"},"modified":"2026-02-23T07:58:27","modified_gmt":"2026-02-23T07:58:27","slug":"kiitos-yhteydenotosta","status":"publish","type":"page","link":"https:\/\/yritakevyesti.fi\/eng\/kiitos-yhteydenotosta\/","title":{"rendered":"Kiitos yhteydenotosta"},"content":{"rendered":"<div data-elementor-type=\"wp-page\" data-elementor-id=\"1146\" class=\"elementor elementor-1146\" data-elementor-post-type=\"page\">\n\t\t\t\t\t\t<section class=\"has_eae_slider elementor-section elementor-top-section elementor-element elementor-element-e61edd6 elementor-section-boxed elementor-section-height-default elementor-section-height-default\" data-eae-slider=\"82529\" data-id=\"e61edd6\" data-element_type=\"section\" data-e-type=\"section\">\n\t\t\t\t\t\t<div class=\"elementor-container elementor-column-gap-default\">\n\t\t\t\t\t<div class=\"has_eae_slider elementor-column elementor-col-100 elementor-top-column elementor-element elementor-element-80b71e0\" data-eae-slider=\"73091\" data-id=\"80b71e0\" data-element_type=\"column\" data-e-type=\"column\">\n\t\t\t<div class=\"elementor-widget-wrap elementor-element-populated\">\n\t\t\t\t\t\t<div class=\"elementor-element elementor-element-7d82c44 elementor-widget elementor-widget-heading\" data-id=\"7d82c44\" data-element_type=\"widget\" data-e-type=\"widget\" data-widget_type=\"heading.default\">\n\t\t\t\t<div class=\"elementor-widget-container\">\n\t\t\t\t\t<h2 class=\"elementor-heading-title elementor-size-default\">Kiitos yhteydenotosta, olemme teihin yhteydess\u00e4 mahdollisimman pian!<\/h2>\t\t\t\t<\/div>\n\t\t\t\t<\/div>\n\t\t\t\t<section class=\"has_eae_slider elementor-section elementor-inner-section elementor-element elementor-element-2355f02 elementor-section-boxed elementor-section-height-default elementor-section-height-default\" data-eae-slider=\"59519\" data-id=\"2355f02\" data-element_type=\"section\" data-e-type=\"section\">\n\t\t\t\t\t\t<div class=\"elementor-container elementor-column-gap-default\">\n\t\t\t\t\t<div class=\"has_eae_slider elementor-column elementor-col-33 elementor-inner-column elementor-element elementor-element-c508295\" data-eae-slider=\"41168\" data-id=\"c508295\" data-element_type=\"column\" data-e-type=\"column\">\n\t\t\t<div class=\"elementor-widget-wrap elementor-element-populated\">\n\t\t\t\t\t\t<div class=\"elementor-element elementor-element-c1c19d9 elementor-widget elementor-widget-image\" data-id=\"c1c19d9\" data-element_type=\"widget\" data-e-type=\"widget\" data-widget_type=\"image.default\">\n\t\t\t\t<div class=\"elementor-widget-container\">\n\t\t\t\t\t\t\t\t\t\t\t\t\t\t\t<img fetchpriority=\"high\" decoding=\"async\" width=\"822\" height=\"676\" src=\"https:\/\/yritakevyesti.fi\/wp-content\/uploads\/2025\/11\/img-2.webp\" class=\"attachment-full size-full wp-image-1090\" alt=\"\" srcset=\"https:\/\/yritakevyesti.fi\/wp-content\/uploads\/2025\/11\/img-2.webp 822w, https:\/\/yritakevyesti.fi\/wp-content\/uploads\/2025\/11\/img-2-300x247.webp 300w, https:\/\/yritakevyesti.fi\/wp-content\/uploads\/2025\/11\/img-2-768x632.webp 768w, https:\/\/yritakevyesti.fi\/wp-content\/uploads\/2025\/11\/img-2-15x12.webp 15w\" sizes=\"(max-width: 822px) 100vw, 822px\" \/>\t\t\t\t\t\t\t\t\t\t\t\t\t\t\t<\/div>\n\t\t\t\t<\/div>\n\t\t\t\t<div class=\"elementor-element elementor-element-8728f37 elementor-widget elementor-widget-heading\" data-id=\"8728f37\" data-element_type=\"widget\" data-e-type=\"widget\" data-widget_type=\"heading.default\">\n\t\t\t\t<div class=\"elementor-widget-container\">\n\t\t\t\t\t<h4 class=\"elementor-heading-title elementor-size-default\">Create<\/h4>\t\t\t\t<\/div>\n\t\t\t\t<\/div>\n\t\t\t\t<div class=\"elementor-element elementor-element-0f68827 elementor-widget elementor-widget-text-editor\" data-id=\"0f68827\" data-element_type=\"widget\" data-e-type=\"widget\" data-widget_type=\"text-editor.default\">\n\t\t\t\t<div class=\"elementor-widget-container\">\n\t\t\t\t\t\t\t\t\t<p>Unified communication, sales processes, signatures and much more!<\/p>\t\t\t\t\t\t\t\t<\/div>\n\t\t\t\t<\/div>\n\t\t\t\t\t<\/div>\n\t\t<\/div>\n\t\t\t\t<div class=\"has_eae_slider elementor-column elementor-col-33 elementor-inner-column elementor-element elementor-element-5d28af9\" data-eae-slider=\"62439\" data-id=\"5d28af9\" data-element_type=\"column\" data-e-type=\"column\">\n\t\t\t<div class=\"elementor-widget-wrap elementor-element-populated\">\n\t\t\t\t\t\t<div class=\"elementor-element elementor-element-15ad7d2 elementor-widget elementor-widget-image\" data-id=\"15ad7d2\" data-element_type=\"widget\" data-e-type=\"widget\" data-widget_type=\"image.default\">\n\t\t\t\t<div class=\"elementor-widget-container\">\n\t\t\t\t\t\t\t\t\t\t\t\t\t\t\t<img decoding=\"async\" width=\"411\" height=\"338\" src=\"https:\/\/yritakevyesti.fi\/wp-content\/uploads\/2025\/11\/imag-1.webp\" class=\"attachment-large size-large wp-image-1091\" alt=\"\" srcset=\"https:\/\/yritakevyesti.fi\/wp-content\/uploads\/2025\/11\/imag-1.webp 411w, https:\/\/yritakevyesti.fi\/wp-content\/uploads\/2025\/11\/imag-1-300x247.webp 300w, https:\/\/yritakevyesti.fi\/wp-content\/uploads\/2025\/11\/imag-1-15x12.webp 15w\" sizes=\"(max-width: 411px) 100vw, 411px\" \/>\t\t\t\t\t\t\t\t\t\t\t\t\t\t\t<\/div>\n\t\t\t\t<\/div>\n\t\t\t\t<div class=\"elementor-element elementor-element-6ee724f elementor-widget elementor-widget-heading\" data-id=\"6ee724f\" data-element_type=\"widget\" data-e-type=\"widget\" data-widget_type=\"heading.default\">\n\t\t\t\t<div class=\"elementor-widget-container\">\n\t\t\t\t\t<h4 class=\"elementor-heading-title elementor-size-default\">Send<\/h4>\t\t\t\t<\/div>\n\t\t\t\t<\/div>\n\t\t\t\t<div class=\"elementor-element elementor-element-c642e5d elementor-widget elementor-widget-text-editor\" data-id=\"c642e5d\" data-element_type=\"widget\" data-e-type=\"widget\" data-widget_type=\"text-editor.default\">\n\t\t\t\t<div class=\"elementor-widget-container\">\n\t\t\t\t\t\t\t\t\t<p>Effective and easy communication between you and your customers.<\/p>\t\t\t\t\t\t\t\t<\/div>\n\t\t\t\t<\/div>\n\t\t\t\t\t<\/div>\n\t\t<\/div>\n\t\t\t\t<div class=\"has_eae_slider elementor-column elementor-col-33 elementor-inner-column elementor-element elementor-element-d6a8fd1\" data-eae-slider=\"9765\" data-id=\"d6a8fd1\" data-element_type=\"column\" data-e-type=\"column\">\n\t\t\t<div class=\"elementor-widget-wrap elementor-element-populated\">\n\t\t\t\t\t\t<div class=\"elementor-element elementor-element-3f24c7c elementor-widget elementor-widget-image\" data-id=\"3f24c7c\" data-element_type=\"widget\" data-e-type=\"widget\" data-widget_type=\"image.default\">\n\t\t\t\t<div class=\"elementor-widget-container\">\n\t\t\t\t\t\t\t\t\t\t\t\t\t\t\t<img decoding=\"async\" width=\"822\" height=\"676\" src=\"https:\/\/yritakevyesti.fi\/wp-content\/uploads\/2025\/11\/imag3.webp\" class=\"attachment-full size-full wp-image-1092\" alt=\"\" srcset=\"https:\/\/yritakevyesti.fi\/wp-content\/uploads\/2025\/11\/imag3.webp 822w, https:\/\/yritakevyesti.fi\/wp-content\/uploads\/2025\/11\/imag3-300x247.webp 300w, https:\/\/yritakevyesti.fi\/wp-content\/uploads\/2025\/11\/imag3-768x632.webp 768w, https:\/\/yritakevyesti.fi\/wp-content\/uploads\/2025\/11\/imag3-15x12.webp 15w\" sizes=\"(max-width: 822px) 100vw, 822px\" \/>\t\t\t\t\t\t\t\t\t\t\t\t\t\t\t<\/div>\n\t\t\t\t<\/div>\n\t\t\t\t<div class=\"elementor-element elementor-element-fba28c5 elementor-widget elementor-widget-heading\" data-id=\"fba28c5\" data-element_type=\"widget\" data-e-type=\"widget\" data-widget_type=\"heading.default\">\n\t\t\t\t<div class=\"elementor-widget-container\">\n\t\t\t\t\t<h4 class=\"elementor-heading-title elementor-size-default\">Follow<\/h4>\t\t\t\t<\/div>\n\t\t\t\t<\/div>\n\t\t\t\t<div class=\"elementor-element elementor-element-6f9c4c5 elementor-widget elementor-widget-text-editor\" data-id=\"6f9c4c5\" data-element_type=\"widget\" data-e-type=\"widget\" data-widget_type=\"text-editor.default\">\n\t\t\t\t<div class=\"elementor-widget-container\">\n\t\t\t\t\t\t\t\t\t<p>Sales, customer management and visible results.<\/p>\t\t\t\t\t\t\t\t<\/div>\n\t\t\t\t<\/div>\n\t\t\t\t\t<\/div>\n\t\t<\/div>\n\t\t\t\t\t<\/div>\n\t\t<\/section>\n\t\t\t\t\t<\/div>\n\t\t<\/div>\n\t\t\t\t\t<\/div>\n\t\t<\/section>\n\t\t\t\t<section class=\"has_eae_slider elementor-section elementor-top-section elementor-element elementor-element-773ace4 elementor-section-boxed elementor-section-height-default elementor-section-height-default\" data-eae-slider=\"57012\" data-id=\"773ace4\" data-element_type=\"section\" data-e-type=\"section\">\n\t\t\t\t\t\t<div class=\"elementor-container elementor-column-gap-default\">\n\t\t\t\t\t<div class=\"has_eae_slider elementor-column elementor-col-100 elementor-top-column elementor-element elementor-element-e6c6a6f\" data-eae-slider=\"29720\" data-id=\"e6c6a6f\" data-element_type=\"column\" data-e-type=\"column\">\n\t\t\t<div class=\"elementor-widget-wrap\">\n\t\t\t\t\t\t\t<\/div>\n\t\t<\/div>\n\t\t\t\t\t<\/div>\n\t\t<\/section>\n\t\t\t\t<\/div>","protected":false},"excerpt":{"rendered":"<p>Kiitos yhteydenotosta, olemme teihin yhteydess\u00e4 mahdollisimman pian! Luo Yhten\u00e4ist\u00e4 viestint\u00e4\u00e4, myyntiprosesseja, allekirjoituksia ja paljon muuta! L\u00e4het\u00e4 Tehokasta ja helppoa viestint\u00e4\u00e4 [&hellip;]<\/p>\n","protected":false},"author":1,"featured_media":0,"parent":0,"menu_order":0,"comment_status":"closed","ping_status":"closed","template":"","meta":{"site-sidebar-layout":"no-sidebar","site-content-layout":"","ast-site-content-layout":"full-width-container","site-content-style":"default","site-sidebar-style":"default","ast-global-header-display":"","ast-banner-title-visibility":"","ast-main-header-display":"","ast-hfb-above-header-display":"","ast-hfb-below-header-display":"","ast-hfb-mobile-header-display":"","site-post-title":"disabled","ast-breadcrumbs-content":"","ast-featured-img":"disabled","footer-sml-layout":"","ast-disable-related-posts":"","theme-transparent-header-meta":"","adv-header-id-meta":"","stick-header-meta":"","header-above-stick-meta":"","header-main-stick-meta":"","header-below-stick-meta":"","astra-migrate-meta-layouts":"default","ast-page-background-enabled":"default","ast-page-background-meta":{"desktop":{"background-color":"var(--ast-global-color-5)","background-image":"","background-repeat":"repeat","background-position":"center center","background-size":"auto","background-attachment":"scroll","background-type":"","background-media":"","overlay-type":"","overlay-color":"","overlay-opacity":"","overlay-gradient":""},"tablet":{"background-color":"","background-image":"","background-repeat":"repeat","background-position":"center center","background-size":"auto","background-attachment":"scroll","background-type":"","background-media":"","overlay-type":"","overlay-color":"","overlay-opacity":"","overlay-gradient":""},"mobile":{"background-color":"","background-image":"","background-repeat":"repeat","background-position":"center center","background-size":"auto","background-attachment":"scroll","background-type":"","background-media":"","overlay-type":"","overlay-color":"","overlay-opacity":"","overlay-gradient":""}},"ast-content-background-meta":{"desktop":{"background-color":"var(--ast-global-color-4)","background-image":"","background-repeat":"repeat","background-position":"center center","background-size":"auto","background-attachment":"scroll","background-type":"","background-media":"","overlay-type":"","overlay-color":"","overlay-opacity":"","overlay-gradient":""},"tablet":{"background-color":"var(--ast-global-color-4)","background-image":"","background-repeat":"repeat","background-position":"center center","background-size":"auto","background-attachment":"scroll","background-type":"","background-media":"","overlay-type":"","overlay-color":"","overlay-opacity":"","overlay-gradient":""},"mobile":{"background-color":"var(--ast-global-color-4)","background-image":"","background-repeat":"repeat","background-position":"center center","background-size":"auto","background-attachment":"scroll","background-type":"","background-media":"","overlay-type":"","overlay-color":"","overlay-opacity":"","overlay-gradient":""}},"footnotes":""},"class_list":["post-1146","page","type-page","status-publish","hentry"],"yoast_head":"<!-- This site is optimized with the Yoast SEO plugin v27.3 - https:\/\/yoast.com\/product\/yoast-seo-wordpress\/ -->\n<title>Kiitos yhteydenotosta -Yrit\u00e4 Kevyesti<\/title>\n<meta name=\"description\" content=\"Yrit\u00e4 kevyesti alusta on helppok\u00e4ytt\u00f6inen yrityksen taloushallinnon perustarpeisiin Nordic C-Managementin kirjanpidon asiakkaille.\" \/>\n<meta name=\"robots\" content=\"index, follow, max-snippet:-1, max-image-preview:large, max-video-preview:-1\" \/>\n<link rel=\"canonical\" href=\"https:\/\/yritakevyesti.fi\/eng\/kiitos-yhteydenotosta\/\" \/>\n<meta property=\"og:locale\" content=\"en_GB\" \/>\n<meta property=\"og:type\" content=\"article\" \/>\n<meta property=\"og:title\" content=\"Kiitos yhteydenotosta -Yrit\u00e4 Kevyesti\" \/>\n<meta property=\"og:description\" content=\"Yrit\u00e4 kevyesti alusta on helppok\u00e4ytt\u00f6inen yrityksen taloushallinnon perustarpeisiin Nordic C-Managementin kirjanpidon asiakkaille.\" \/>\n<meta property=\"og:url\" content=\"https:\/\/yritakevyesti.fi\/eng\/kiitos-yhteydenotosta\/\" \/>\n<meta property=\"og:site_name\" content=\"yritakevyesti.fi\" \/>\n<meta property=\"article:modified_time\" content=\"2026-02-23T07:58:27+00:00\" \/>\n<meta property=\"og:image\" content=\"https:\/\/yritakevyesti.fi\/wp-content\/uploads\/2025\/11\/img-2.webp\" \/>\n\t<meta property=\"og:image:width\" content=\"822\" \/>\n\t<meta property=\"og:image:height\" content=\"676\" \/>\n\t<meta property=\"og:image:type\" content=\"image\/webp\" \/>\n<meta name=\"twitter:card\" content=\"summary_large_image\" \/>\n<meta name=\"twitter:label1\" content=\"Estimated reading time\" \/>\n\t<meta name=\"twitter:data1\" content=\"1 minute\" \/>\n<script type=\"application\/ld+json\" class=\"yoast-schema-graph\">{\"@context\":\"https:\\\/\\\/schema.org\",\"@graph\":[{\"@type\":\"WebPage\",\"@id\":\"https:\\\/\\\/yritakevyesti.fi\\\/kiitos-yhteydenotosta\\\/\",\"url\":\"https:\\\/\\\/yritakevyesti.fi\\\/kiitos-yhteydenotosta\\\/\",\"name\":\"Kiitos yhteydenotosta -Yrit\u00e4 Kevyesti\",\"isPartOf\":{\"@id\":\"https:\\\/\\\/yritakevyesti.fi\\\/#website\"},\"primaryImageOfPage\":{\"@id\":\"https:\\\/\\\/yritakevyesti.fi\\\/kiitos-yhteydenotosta\\\/#primaryimage\"},\"image\":{\"@id\":\"https:\\\/\\\/yritakevyesti.fi\\\/kiitos-yhteydenotosta\\\/#primaryimage\"},\"thumbnailUrl\":\"http:\\\/\\\/yritakevyesti.fi\\\/wp-content\\\/uploads\\\/2025\\\/11\\\/img-2.webp\",\"datePublished\":\"2026-02-23T07:21:47+00:00\",\"dateModified\":\"2026-02-23T07:58:27+00:00\",\"description\":\"Yrit\u00e4 kevyesti alusta on helppok\u00e4ytt\u00f6inen yrityksen taloushallinnon perustarpeisiin Nordic C-Managementin kirjanpidon asiakkaille.\",\"breadcrumb\":{\"@id\":\"https:\\\/\\\/yritakevyesti.fi\\\/kiitos-yhteydenotosta\\\/#breadcrumb\"},\"inLanguage\":\"en-GB\",\"potentialAction\":[{\"@type\":\"ReadAction\",\"target\":[\"https:\\\/\\\/yritakevyesti.fi\\\/kiitos-yhteydenotosta\\\/\"]}]},{\"@type\":\"ImageObject\",\"inLanguage\":\"en-GB\",\"@id\":\"https:\\\/\\\/yritakevyesti.fi\\\/kiitos-yhteydenotosta\\\/#primaryimage\",\"url\":\"http:\\\/\\\/yritakevyesti.fi\\\/wp-content\\\/uploads\\\/2025\\\/11\\\/img-2.webp\",\"contentUrl\":\"http:\\\/\\\/yritakevyesti.fi\\\/wp-content\\\/uploads\\\/2025\\\/11\\\/img-2.webp\"},{\"@type\":\"BreadcrumbList\",\"@id\":\"https:\\\/\\\/yritakevyesti.fi\\\/kiitos-yhteydenotosta\\\/#breadcrumb\",\"itemListElement\":[{\"@type\":\"ListItem\",\"position\":1,\"name\":\"Home\",\"item\":\"https:\\\/\\\/yritakevyesti.fi\\\/\"},{\"@type\":\"ListItem\",\"position\":2,\"name\":\"Kiitos yhteydenotosta\"}]},{\"@type\":\"WebSite\",\"@id\":\"https:\\\/\\\/yritakevyesti.fi\\\/#website\",\"url\":\"https:\\\/\\\/yritakevyesti.fi\\\/\",\"name\":\"yritakevyesti.fi\",\"description\":\"\",\"publisher\":{\"@id\":\"https:\\\/\\\/yritakevyesti.fi\\\/#organization\"},\"potentialAction\":[{\"@type\":\"SearchAction\",\"target\":{\"@type\":\"EntryPoint\",\"urlTemplate\":\"https:\\\/\\\/yritakevyesti.fi\\\/?s={search_term_string}\"},\"query-input\":{\"@type\":\"PropertyValueSpecification\",\"valueRequired\":true,\"valueName\":\"search_term_string\"}}],\"inLanguage\":\"en-GB\"},{\"@type\":\"Organization\",\"@id\":\"https:\\\/\\\/yritakevyesti.fi\\\/#organization\",\"name\":\"yritakevyesti.fi\",\"url\":\"https:\\\/\\\/yritakevyesti.fi\\\/\",\"logo\":{\"@type\":\"ImageObject\",\"inLanguage\":\"en-GB\",\"@id\":\"https:\\\/\\\/yritakevyesti.fi\\\/#\\\/schema\\\/logo\\\/image\\\/\",\"url\":\"https:\\\/\\\/yritakevyesti.fi\\\/wp-content\\\/uploads\\\/2025\\\/03\\\/logo-e1741071074723.png\",\"contentUrl\":\"https:\\\/\\\/yritakevyesti.fi\\\/wp-content\\\/uploads\\\/2025\\\/03\\\/logo-e1741071074723.png\",\"width\":444,\"height\":86,\"caption\":\"yritakevyesti.fi\"},\"image\":{\"@id\":\"https:\\\/\\\/yritakevyesti.fi\\\/#\\\/schema\\\/logo\\\/image\\\/\"}}]}<\/script>\n<!-- \/ Yoast SEO plugin. -->","yoast_head_json":{"title":"Kiitos yhteydenotosta -Yrit\u00e4 Kevyesti","description":"Yrit\u00e4 kevyesti alusta on helppok\u00e4ytt\u00f6inen yrityksen taloushallinnon perustarpeisiin Nordic C-Managementin kirjanpidon asiakkaille.","robots":{"index":"index","follow":"follow","max-snippet":"max-snippet:-1","max-image-preview":"max-image-preview:large","max-video-preview":"max-video-preview:-1"},"canonical":"https:\/\/yritakevyesti.fi\/eng\/kiitos-yhteydenotosta\/","og_locale":"en_GB","og_type":"article","og_title":"Kiitos yhteydenotosta -Yrit\u00e4 Kevyesti","og_description":"Yrit\u00e4 kevyesti alusta on helppok\u00e4ytt\u00f6inen yrityksen taloushallinnon perustarpeisiin Nordic C-Managementin kirjanpidon asiakkaille.","og_url":"https:\/\/yritakevyesti.fi\/eng\/kiitos-yhteydenotosta\/","og_site_name":"yritakevyesti.fi","article_modified_time":"2026-02-23T07:58:27+00:00","og_image":[{"width":822,"height":676,"url":"https:\/\/yritakevyesti.fi\/wp-content\/uploads\/2025\/11\/img-2.webp","type":"image\/webp"}],"twitter_card":"summary_large_image","twitter_misc":{"Estimated reading time":"1 minute"},"schema":{"@context":"https:\/\/schema.org","@graph":[{"@type":"WebPage","@id":"https:\/\/yritakevyesti.fi\/kiitos-yhteydenotosta\/","url":"https:\/\/yritakevyesti.fi\/kiitos-yhteydenotosta\/","name":"Kiitos yhteydenotosta -Yrit\u00e4 Kevyesti","isPartOf":{"@id":"https:\/\/yritakevyesti.fi\/#website"},"primaryImageOfPage":{"@id":"https:\/\/yritakevyesti.fi\/kiitos-yhteydenotosta\/#primaryimage"},"image":{"@id":"https:\/\/yritakevyesti.fi\/kiitos-yhteydenotosta\/#primaryimage"},"thumbnailUrl":"http:\/\/yritakevyesti.fi\/wp-content\/uploads\/2025\/11\/img-2.webp","datePublished":"2026-02-23T07:21:47+00:00","dateModified":"2026-02-23T07:58:27+00:00","description":"Yrit\u00e4 kevyesti alusta on helppok\u00e4ytt\u00f6inen yrityksen taloushallinnon perustarpeisiin Nordic C-Managementin kirjanpidon asiakkaille.","breadcrumb":{"@id":"https:\/\/yritakevyesti.fi\/kiitos-yhteydenotosta\/#breadcrumb"},"inLanguage":"en-GB","potentialAction":[{"@type":"ReadAction","target":["https:\/\/yritakevyesti.fi\/kiitos-yhteydenotosta\/"]}]},{"@type":"ImageObject","inLanguage":"en-GB","@id":"https:\/\/yritakevyesti.fi\/kiitos-yhteydenotosta\/#primaryimage","url":"http:\/\/yritakevyesti.fi\/wp-content\/uploads\/2025\/11\/img-2.webp","contentUrl":"http:\/\/yritakevyesti.fi\/wp-content\/uploads\/2025\/11\/img-2.webp"},{"@type":"BreadcrumbList","@id":"https:\/\/yritakevyesti.fi\/kiitos-yhteydenotosta\/#breadcrumb","itemListElement":[{"@type":"ListItem","position":1,"name":"Home","item":"https:\/\/yritakevyesti.fi\/"},{"@type":"ListItem","position":2,"name":"Kiitos yhteydenotosta"}]},{"@type":"WebSite","@id":"https:\/\/yritakevyesti.fi\/#website","url":"https:\/\/yritakevyesti.fi\/","name":"yritakevyesti.fi","description":"","publisher":{"@id":"https:\/\/yritakevyesti.fi\/#organization"},"potentialAction":[{"@type":"SearchAction","target":{"@type":"EntryPoint","urlTemplate":"https:\/\/yritakevyesti.fi\/?s={search_term_string}"},"query-input":{"@type":"PropertyValueSpecification","valueRequired":true,"valueName":"search_term_string"}}],"inLanguage":"en-GB"},{"@type":"Organization","@id":"https:\/\/yritakevyesti.fi\/#organization","name":"yritakevyesti.fi","url":"https:\/\/yritakevyesti.fi\/","logo":{"@type":"ImageObject","inLanguage":"en-GB","@id":"https:\/\/yritakevyesti.fi\/#\/schema\/logo\/image\/","url":"https:\/\/yritakevyesti.fi\/wp-content\/uploads\/2025\/03\/logo-e1741071074723.png","contentUrl":"https:\/\/yritakevyesti.fi\/wp-content\/uploads\/2025\/03\/logo-e1741071074723.png","width":444,"height":86,"caption":"yritakevyesti.fi"},"image":{"@id":"https:\/\/yritakevyesti.fi\/#\/schema\/logo\/image\/"}}]}},"_links":{"self":[{"href":"https:\/\/yritakevyesti.fi\/eng\/wp-json\/wp\/v2\/pages\/1146","targetHints":{"allow":["GET"]}}],"collection":[{"href":"https:\/\/yritakevyesti.fi\/eng\/wp-json\/wp\/v2\/pages"}],"about":[{"href":"https:\/\/yritakevyesti.fi\/eng\/wp-json\/wp\/v2\/types\/page"}],"author":[{"embeddable":true,"href":"https:\/\/yritakevyesti.fi\/eng\/wp-json\/wp\/v2\/users\/1"}],"replies":[{"embeddable":true,"href":"https:\/\/yritakevyesti.fi\/eng\/wp-json\/wp\/v2\/comments?post=1146"}],"version-history":[{"count":3,"href":"https:\/\/yritakevyesti.fi\/eng\/wp-json\/wp\/v2\/pages\/1146\/revisions"}],"predecessor-version":[{"id":1152,"href":"https:\/\/yritakevyesti.fi\/eng\/wp-json\/wp\/v2\/pages\/1146\/revisions\/1152"}],"wp:attachment":[{"href":"https:\/\/yritakevyesti.fi\/eng\/wp-json\/wp\/v2\/media?parent=1146"}],"curies":[{"name":"wp","href":"https:\/\/api.w.org\/{rel}","templated":true}]}}